{"id":578,"date":"2023-06-28T11:02:22","date_gmt":"2023-06-28T09:02:22","guid":{"rendered":"https:\/\/lolinongleformations.fr\/?page_id=578"},"modified":"2023-06-28T11:03:12","modified_gmt":"2023-06-28T09:03:12","slug":"avis-google","status":"publish","type":"page","link":"https:\/\/lolinongleformations.fr\/?page_id=578","title":{"rendered":"Avis Google"},"content":{"rendered":"\n<p><\/p>\n\n\n<div class=\"ti-widget ti-no-profile-img ti-goog\" data-layout-id=\"4\" data-set-id=\"drop-shadow-large\" data-pid=\"b5167179c03e50ec942cb\" data-pager-autoplay-timeout=\"6\" > <div class=\"ti-widget-container ti-col-3\"> <div class=\"ti-reviews-container\"> <div class=\"ti-controls\"> <div class=\"ti-next\"><\/div> <div class=\"ti-prev\"><\/div> <\/div> <div class=\"ti-reviews-container-wrapper\">  <div data-empty=\"0\" class=\"ti-review-item source-Google\" > <div class=\"ti-inner\"> <div class=\"ti-review-header\">  <div class=\"ti-profile-details\"> <div class=\"ti-name\"> B\u00e9rang\u00e8re M <\/div> <div class=\"ti-date\">2023-04-29<\/div> <\/div> <\/div> <span class=\"ti-stars\"><span class=\"ti-star f\"><\/span><span class=\"ti-star f\"><\/span><span class=\"ti-star f\"><\/span><span class=\"ti-star f\"><\/span><span class=\"ti-star f\"><\/span><\/span> <div class=\"ti-review-content\"><!-- R-CONTENT -->J\u2019ai suivi la formation longue puisque j\u2019\u00e9tais d\u00e9butante. Formation tr\u00e8s compl\u00e8te. Beaucoup de pratique avec un cours et des supports tr\u00e8s bien expliqu\u00e9s. De plus la formatrice Sandrine est exp\u00e9riment\u00e9e, \u00e0 l\u2019\u00e9coute et toujours pr\u00eate \u00e0 nous enseigner les techniques. Elle n\u2019h\u00e9site pas \u00e0 partager son exp\u00e9rience tout \u00e7a dans une ambiance conviviale et chaleureuse. Je recommande vivement !<!-- R-CONTENT --><\/div> <span class=\"ti-read-more\" data-container=\".ti-review-content\" data-collapse-text=\"Cacher\" data-open-text=\"Lire la suite\"><\/span> <\/div> <\/div>  <div data-empty=\"0\" class=\"ti-review-item source-Google\" > <div class=\"ti-inner\"> <div class=\"ti-review-header\">  <div class=\"ti-profile-details\"> <div class=\"ti-name\"> emmy laffite <\/div> <div class=\"ti-date\">2023-03-09<\/div> <\/div> <\/div> <span class=\"ti-stars\"><span class=\"ti-star f\"><\/span><span class=\"ti-star f\"><\/span><span class=\"ti-star f\"><\/span><span class=\"ti-star f\"><\/span><span class=\"ti-star f\"><\/span><\/span> <div class=\"ti-review-content\"><!-- R-CONTENT -->Tr\u00e8s bonne formation avec une super formatrice \u00e0 l\u2019\u00e9coute. Je recommande Lolin\u2019ongle formation \ud83d\ude0a<!-- R-CONTENT --><\/div> <span class=\"ti-read-more\" data-container=\".ti-review-content\" data-collapse-text=\"Cacher\" data-open-text=\"Lire la suite\"><\/span> <\/div> <\/div>  <div data-empty=\"0\" class=\"ti-review-item source-Google\" > <div class=\"ti-inner\"> <div class=\"ti-review-header\">  <div class=\"ti-profile-details\"> <div class=\"ti-name\"> Sabrina Cavagnac <\/div> <div class=\"ti-date\">2023-03-08<\/div> <\/div> <\/div> <span class=\"ti-stars\"><span class=\"ti-star f\"><\/span><span class=\"ti-star f\"><\/span><span class=\"ti-star f\"><\/span><span class=\"ti-star f\"><\/span><span class=\"ti-star f\"><\/span><\/span> <div class=\"ti-review-content\"><!-- R-CONTENT -->Personne exceptionnelle, qui travail avec passion. Deux jours de formation baby boomers tr\u00e8s constructifs<!-- R-CONTENT --><\/div> <span class=\"ti-read-more\" data-container=\".ti-review-content\" data-collapse-text=\"Cacher\" data-open-text=\"Lire la suite\"><\/span> <\/div> <\/div>  <div data-empty=\"0\" class=\"ti-review-item source-Google\" > <div class=\"ti-inner\"> <div class=\"ti-review-header\">  <div class=\"ti-profile-details\"> <div class=\"ti-name\"> magalie catala <\/div> <div class=\"ti-date\">2023-03-08<\/div> <\/div> <\/div> <span class=\"ti-stars\"><span class=\"ti-star f\"><\/span><span class=\"ti-star f\"><\/span><span class=\"ti-star f\"><\/span><span class=\"ti-star f\"><\/span><span class=\"ti-star f\"><\/span><\/span> <div class=\"ti-review-content\"><!-- R-CONTENT -->Moment convivial, formation claire et efficace, mes attentes sont atteintes ! Merci<!-- R-CONTENT --><\/div> <span class=\"ti-read-more\" data-container=\".ti-review-content\" data-collapse-text=\"Cacher\" data-open-text=\"Lire la suite\"><\/span> <\/div> <\/div>  <div data-empty=\"0\" class=\"ti-review-item source-Google\" > <div class=\"ti-inner\"> <div class=\"ti-review-header\">  <div class=\"ti-profile-details\"> <div class=\"ti-name\"> Dorine GIRARD <\/div> <div class=\"ti-date\">2023-02-23<\/div> <\/div> <\/div> <span class=\"ti-stars\"><span class=\"ti-star f\"><\/span><span class=\"ti-star f\"><\/span><span class=\"ti-star f\"><\/span><span class=\"ti-star f\"><\/span><span class=\"ti-star f\"><\/span><\/span> <div class=\"ti-review-content\"><!-- R-CONTENT -->Superbes  formations  et formatrice ! \ud83d\udc85Sandrine est tr\u00e8s  professionnelle, minutieuse dans toutes ses explications. Toujours  dans le partage pour vous faire r\u00e9ussir  avec des petites  astuces....et pour ne rien g\u00e2cher  chaleureuse ,douce et tr\u00e8s  gentille. \ud83d\udc85<!-- R-CONTENT --><\/div> <span class=\"ti-read-more\" data-container=\".ti-review-content\" data-collapse-text=\"Cacher\" data-open-text=\"Lire la suite\"><\/span> <\/div> <\/div>  <div data-empty=\"0\" class=\"ti-review-item source-Google\" > <div class=\"ti-inner\"> <div class=\"ti-review-header\">  <div class=\"ti-profile-details\"> <div class=\"ti-name\"> Leandra Rota <\/div> <div class=\"ti-date\">2023-02-23<\/div> <\/div> <\/div> <span class=\"ti-stars\"><span class=\"ti-star f\"><\/span><span class=\"ti-star f\"><\/span><span class=\"ti-star f\"><\/span><span class=\"ti-star f\"><\/span><span class=\"ti-star f\"><\/span><\/span> <div class=\"ti-review-content\"><!-- R-CONTENT -->Sandrine, c\u2019est une personne qui sait partager son professionnalisme, qui est  \u00e0 l\u2019\u00e9coute tr\u00e8s agr\u00e9able patiente qui donne tout son savoir-faire, elle transmet  sa passion, ambiance tr\u00e8s agr\u00e9able. Je recommande ++++<!-- R-CONTENT --><\/div> <span class=\"ti-read-more\" data-container=\".ti-review-content\" data-collapse-text=\"Cacher\" data-open-text=\"Lire la suite\"><\/span> <\/div> <\/div>  <div data-empty=\"0\" class=\"ti-review-item source-Google\" > <div class=\"ti-inner\"> <div class=\"ti-review-header\">  <div class=\"ti-profile-details\"> <div class=\"ti-name\"> Castella Muriel <\/div> <div class=\"ti-date\">2023-02-23<\/div> <\/div> <\/div> <span class=\"ti-stars\"><span class=\"ti-star f\"><\/span><span class=\"ti-star f\"><\/span><span class=\"ti-star f\"><\/span><span class=\"ti-star f\"><\/span><span class=\"ti-star f\"><\/span><\/span> <div class=\"ti-review-content\"><!-- R-CONTENT -->Super formation, c\u2019est toujours un plaisir d\u2019\u00eatre form\u00e9 par toi Sandrine! Tu es \u00e0 l\u2019\u00e9coute de chacune et tu sais nous encourager quand il le faut merci!<!-- R-CONTENT --><\/div> <span class=\"ti-read-more\" data-container=\".ti-review-content\" data-collapse-text=\"Cacher\" data-open-text=\"Lire la suite\"><\/span> <\/div> <\/div>  <div data-empty=\"0\" class=\"ti-review-item source-Google\" > <div class=\"ti-inner\"> <div class=\"ti-review-header\">  <div class=\"ti-profile-details\"> <div class=\"ti-name\"> aude cossettini <\/div> <div class=\"ti-date\">2022-12-09<\/div> <\/div> <\/div> <span class=\"ti-stars\"><span class=\"ti-star f\"><\/span><span class=\"ti-star f\"><\/span><span class=\"ti-star f\"><\/span><span class=\"ti-star f\"><\/span><span class=\"ti-star f\"><\/span><\/span> <div class=\"ti-review-content\"><!-- R-CONTENT -->Un tr\u00e8s joli centre de formation, formatrice bienveillante et \u00e0 l'\u00e9coute.\nJe  recommande \u00e0 100 pourcents<!-- R-CONTENT --><\/div> <span class=\"ti-read-more\" data-container=\".ti-review-content\" data-collapse-text=\"Cacher\" data-open-text=\"Lire la suite\"><\/span> <\/div> <\/div>  <div data-empty=\"0\" class=\"ti-review-item source-Google\" > <div class=\"ti-inner\"> <div class=\"ti-review-header\">  <div class=\"ti-profile-details\"> <div class=\"ti-name\"> nathalie dax <\/div> <div class=\"ti-date\">2022-12-07<\/div> <\/div> <\/div> <span class=\"ti-stars\"><span class=\"ti-star f\"><\/span><span class=\"ti-star f\"><\/span><span class=\"ti-star f\"><\/span><span class=\"ti-star f\"><\/span><span class=\"ti-star f\"><\/span><\/span> <div class=\"ti-review-content\"><!-- R-CONTENT -->J\u2019ai re\u00e7u une formation dans cet institut et je suis tr\u00e8s satisfaite, Sandrine est souriante, p\u00e9tillante, et surtout tr\u00e8s professionnelle. La formation \u00e9tait de qualit\u00e9, J\u2019ai appris beaucoup de choses que je pourrais mettre en place tout de suite dans mon institut.\nMerci!!<!-- R-CONTENT --><\/div> <span class=\"ti-read-more\" data-container=\".ti-review-content\" data-collapse-text=\"Cacher\" data-open-text=\"Lire la suite\"><\/span> <\/div> <\/div>  <div data-empty=\"0\" class=\"ti-review-item source-Google\" > <div class=\"ti-inner\"> <div class=\"ti-review-header\">  <div class=\"ti-profile-details\"> <div class=\"ti-name\"> Douceur Naturelle <\/div> <div class=\"ti-date\">2022-12-07<\/div> <\/div> <\/div> <span class=\"ti-stars\"><span class=\"ti-star f\"><\/span><span class=\"ti-star f\"><\/span><span class=\"ti-star f\"><\/span><span class=\"ti-star f\"><\/span><span class=\"ti-star f\"><\/span><\/span> <div class=\"ti-review-content\"><!-- R-CONTENT -->Merci \u00e0 Sandrine pour ces deux jours de formation (baby boomer, baby color) une personne passionn\u00e9e, bienveillante et tr\u00e8s p\u00e9dagogue, je vous la conseille ! Au plaisir de revenir apprendre \u00e0 tes c\u00f4t\u00e9s.\nD\u00e9borah<!-- R-CONTENT --><\/div> <span class=\"ti-read-more\" data-container=\".ti-review-content\" data-collapse-text=\"Cacher\" data-open-text=\"Lire la suite\"><\/span> <\/div> <\/div>  <\/div> <div class=\"ti-controls-dots\"> <div class=\"dot active\"><\/div> <\/div> <\/div> <div class=\"ti-footer\"> <div class=\"ti-rating-text\"> <span class=\"nowrap\">\u00c9valuation <strong>Google<\/strong> : <\/span><span class=\"nowrap\"><strong>4.8<\/strong> sur 5, <\/span><span class=\"nowrap\">Bas\u00e9e sur <strong>31 avis<\/strong><\/span> <\/div> <\/div> <\/div> <\/div>\n","protected":false},"excerpt":{"rendered":"","protected":false},"author":1,"featured_media":0,"parent":0,"menu_order":0,"comment_status":"closed","ping_status":"closed","template":"","meta":{"site-sidebar-layout":"default","site-content-layout":"default","ast-global-header-display":"","ast-banner-title-visibility":"","ast-main-header-display":"","ast-hfb-above-header-display":"","ast-hfb-below-header-display":"","ast-hfb-mobile-header-display":"","site-post-title":"","ast-breadcrumbs-content":"","ast-featured-img":"","footer-sml-layout":"","theme-transparent-header-meta":"","adv-header-id-meta":"","stick-header-meta":"","header-above-stick-meta":"","header-main-stick-meta":"","header-below-stick-meta":""},"yoast_head":"<!-- This site is optimized with the Yoast SEO plugin v20.9 - https:\/\/yoast.com\/wordpress\/plugins\/seo\/ -->\n<title>Avis Google -<\/title>\n<meta name=\"robots\" content=\"index, follow, max-snippet:-1, max-image-preview:large, max-video-preview:-1\" \/>\n<link rel=\"canonical\" href=\"https:\/\/lolinongleformations.fr\/?page_id=578\" \/>\n<meta property=\"og:locale\" content=\"en_US\" \/>\n<meta property=\"og:type\" content=\"article\" \/>\n<meta property=\"og:title\" content=\"Avis Google -\" \/>\n<meta property=\"og:url\" content=\"https:\/\/lolinongleformations.fr\/?page_id=578\" \/>\n<meta property=\"article:modified_time\" content=\"2023-06-28T09:03:12+00:00\" \/>\n<meta name=\"twitter:card\" content=\"summary_large_image\" \/>\n<meta name=\"twitter:label1\" content=\"Est. reading time\" \/>\n\t<meta name=\"twitter:data1\" content=\"1 minute\" \/>\n<script type=\"application\/ld+json\" class=\"yoast-schema-graph\">{\"@context\":\"https:\/\/schema.org\",\"@graph\":[{\"@type\":\"WebPage\",\"@id\":\"https:\/\/lolinongleformations.fr\/?page_id=578\",\"url\":\"https:\/\/lolinongleformations.fr\/?page_id=578\",\"name\":\"Avis Google -\",\"isPartOf\":{\"@id\":\"https:\/\/lolinongleformations.fr\/#website\"},\"datePublished\":\"2023-06-28T09:02:22+00:00\",\"dateModified\":\"2023-06-28T09:03:12+00:00\",\"breadcrumb\":{\"@id\":\"https:\/\/lolinongleformations.fr\/?page_id=578#breadcrumb\"},\"inLanguage\":\"en-US\",\"potentialAction\":[{\"@type\":\"ReadAction\",\"target\":[\"https:\/\/lolinongleformations.fr\/?page_id=578\"]}]},{\"@type\":\"BreadcrumbList\",\"@id\":\"https:\/\/lolinongleformations.fr\/?page_id=578#breadcrumb\",\"itemListElement\":[{\"@type\":\"ListItem\",\"position\":1,\"name\":\"Accueil\",\"item\":\"https:\/\/lolinongleformations.fr\/\"},{\"@type\":\"ListItem\",\"position\":2,\"name\":\"Avis Google\"}]},{\"@type\":\"WebSite\",\"@id\":\"https:\/\/lolinongleformations.fr\/#website\",\"url\":\"https:\/\/lolinongleformations.fr\/\",\"name\":\"\",\"description\":\"\",\"potentialAction\":[{\"@type\":\"SearchAction\",\"target\":{\"@type\":\"EntryPoint\",\"urlTemplate\":\"https:\/\/lolinongleformations.fr\/?s={search_term_string}\"},\"query-input\":\"required name=search_term_string\"}],\"inLanguage\":\"en-US\"}]}<\/script>\n<!-- \/ Yoast SEO plugin. -->","yoast_head_json":{"title":"Avis Google -","robots":{"index":"index","follow":"follow","max-snippet":"max-snippet:-1","max-image-preview":"max-image-preview:large","max-video-preview":"max-video-preview:-1"},"canonical":"https:\/\/lolinongleformations.fr\/?page_id=578","og_locale":"en_US","og_type":"article","og_title":"Avis Google -","og_url":"https:\/\/lolinongleformations.fr\/?page_id=578","article_modified_time":"2023-06-28T09:03:12+00:00","twitter_card":"summary_large_image","twitter_misc":{"Est. reading time":"1 minute"},"schema":{"@context":"https:\/\/schema.org","@graph":[{"@type":"WebPage","@id":"https:\/\/lolinongleformations.fr\/?page_id=578","url":"https:\/\/lolinongleformations.fr\/?page_id=578","name":"Avis Google -","isPartOf":{"@id":"https:\/\/lolinongleformations.fr\/#website"},"datePublished":"2023-06-28T09:02:22+00:00","dateModified":"2023-06-28T09:03:12+00:00","breadcrumb":{"@id":"https:\/\/lolinongleformations.fr\/?page_id=578#breadcrumb"},"inLanguage":"en-US","potentialAction":[{"@type":"ReadAction","target":["https:\/\/lolinongleformations.fr\/?page_id=578"]}]},{"@type":"BreadcrumbList","@id":"https:\/\/lolinongleformations.fr\/?page_id=578#breadcrumb","itemListElement":[{"@type":"ListItem","position":1,"name":"Accueil","item":"https:\/\/lolinongleformations.fr\/"},{"@type":"ListItem","position":2,"name":"Avis Google"}]},{"@type":"WebSite","@id":"https:\/\/lolinongleformations.fr\/#website","url":"https:\/\/lolinongleformations.fr\/","name":"","description":"","potentialAction":[{"@type":"SearchAction","target":{"@type":"EntryPoint","urlTemplate":"https:\/\/lolinongleformations.fr\/?s={search_term_string}"},"query-input":"required name=search_term_string"}],"inLanguage":"en-US"}]}},"_links":{"self":[{"href":"https:\/\/lolinongleformations.fr\/index.php?rest_route=\/wp\/v2\/pages\/578"}],"collection":[{"href":"https:\/\/lolinongleformations.fr\/index.php?rest_route=\/wp\/v2\/pages"}],"about":[{"href":"https:\/\/lolinongleformations.fr\/index.php?rest_route=\/wp\/v2\/types\/page"}],"author":[{"embeddable":true,"href":"https:\/\/lolinongleformations.fr\/index.php?rest_route=\/wp\/v2\/users\/1"}],"replies":[{"embeddable":true,"href":"https:\/\/lolinongleformations.fr\/index.php?rest_route=%2Fwp%2Fv2%2Fcomments&post=578"}],"version-history":[{"count":2,"href":"https:\/\/lolinongleformations.fr\/index.php?rest_route=\/wp\/v2\/pages\/578\/revisions"}],"predecessor-version":[{"id":581,"href":"https:\/\/lolinongleformations.fr\/index.php?rest_route=\/wp\/v2\/pages\/578\/revisions\/581"}],"wp:attachment":[{"href":"https:\/\/lolinongleformations.fr\/index.php?rest_route=%2Fwp%2Fv2%2Fmedia&parent=578"}],"curies":[{"name":"wp","href":"https:\/\/api.w.org\/{rel}","templated":true}]}}